{"id":66288,"date":"2024-04-18T09:41:46","date_gmt":"2024-04-18T13:41:46","guid":{"rendered":"https:\/\/fondationrivieres.org\/?page_id=66288"},"modified":"2024-04-23T16:11:35","modified_gmt":"2024-04-23T20:11:35","slug":"25-rivieres-sauvages-baie-james","status":"publish","type":"page","link":"https:\/\/fondationrivieres.org\/en\/25-rivieres-sauvages-baie-james\/","title":{"rendered":"25 rivi\u00e8res sauvages menac\u00e9es &#8211; Baie-James"},"content":{"rendered":"<div data-elementor-type=\"wp-page\" data-elementor-id=\"66288\" class=\"elementor elementor-66288\" data-elementor-post-type=\"page\">\n\t\t\t\t<div class=\"elementor-element elementor-element-cae0942 e-flex e-con-boxed e-con e-parent\" data-id=\"cae0942\" data-element_type=\"container\" data-e-type=\"container\" data-settings=\"{&quot;background_background&quot;:&quot;classic&quot;,&quot;jet_parallax_layout_list&quot;:[]}\">\n\t\t\t\t\t<div class=\"e-con-inner\">\n\t\t\t\t<div class=\"elementor-element elementor-element-5b82d5b elementor-widget elementor-widget-heading\" data-id=\"5b82d5b\" data-element_type=\"widget\" data-e-type=\"widget\" data-widget_type=\"heading.default\">\n\t\t\t\t<div class=\"elementor-widget-container\">\n\t\t\t\t\t<h1 class=\"elementor-heading-title elementor-size-default\">25 large wild rivers under threat<\/h1>\t\t\t\t<\/div>\n\t\t\t\t<\/div>\n\t\t\t\t<div class=\"elementor-element elementor-element-eb8924f elementor-widget-divider--view-line elementor-widget elementor-widget-divider\" data-id=\"eb8924f\" data-element_type=\"widget\" data-e-type=\"widget\" data-widget_type=\"divider.default\">\n\t\t\t\t<div class=\"elementor-widget-container\">\n\t\t\t\t\t\t\t<div class=\"elementor-divider\">\n\t\t\t<span class=\"elementor-divider-separator\">\n\t\t\t\t\t\t<\/span>\n\t\t<\/div>\n\t\t\t\t\t\t<\/div>\n\t\t\t\t<\/div>\n\t\t\t\t\t<\/div>\n\t\t\t\t<\/div>\n\t\t<div class=\"elementor-element elementor-element-dd8b5b5 e-flex e-con-boxed e-con e-parent\" data-id=\"dd8b5b5\" data-element_type=\"container\" data-e-type=\"container\" data-settings=\"{&quot;background_background&quot;:&quot;classic&quot;,&quot;jet_parallax_layout_list&quot;:[]}\">\n\t\t\t\t\t<div class=\"e-con-inner\">\n\t\t\t\t<div class=\"elementor-element elementor-element-dddb89f elementor-widget elementor-widget-heading\" data-id=\"dddb89f\" data-element_type=\"widget\" data-e-type=\"widget\" data-widget_type=\"heading.default\">\n\t\t\t\t<div class=\"elementor-widget-container\">\n\t\t\t\t\t<h2 class=\"elementor-heading-title elementor-size-default\">Derni\u00e8res grandes rivi\u00e8res sauvages de la Baie-James \/ Abitibi<\/h2>\t\t\t\t<\/div>\n\t\t\t\t<\/div>\n\t\t\t\t<div class=\"elementor-element elementor-element-4cf7d4c elementor-widget elementor-widget-image\" data-id=\"4cf7d4c\" data-element_type=\"widget\" data-e-type=\"widget\" data-widget_type=\"image.default\">\n\t\t\t\t<div class=\"elementor-widget-container\">\n\t\t\t\t\t\t\t\t\t\t\t\t<figure class=\"wp-caption\">\n\t\t\t\t\t\t\t\t\t\t<img fetchpriority=\"high\" decoding=\"async\" width=\"686\" height=\"674\" src=\"https:\/\/fondationrivieres.org\/wp-content\/uploads\/2024\/04\/carte-Baie-James-v2.jpg\" class=\"attachment-large size-large wp-image-67196\" alt=\"Carte Baie-James\" srcset=\"https:\/\/fondationrivieres.org\/wp-content\/uploads\/2024\/04\/carte-Baie-James-v2.jpg 686w, https:\/\/fondationrivieres.org\/wp-content\/uploads\/2024\/04\/carte-Baie-James-v2-300x295.jpg 300w, https:\/\/fondationrivieres.org\/wp-content\/uploads\/2024\/04\/carte-Baie-James-v2-12x12.jpg 12w\" sizes=\"(max-width: 686px) 100vw, 686px\" \/>\t\t\t\t\t\t\t\t\t\t\t<figcaption class=\"widget-image-caption wp-caption-text\">Carte Baie-James <\/figcaption>\n\t\t\t\t\t\t\t\t\t\t<\/figure>\n\t\t\t\t\t\t\t\t\t<\/div>\n\t\t\t\t<\/div>\n\t\t\t\t<div class=\"elementor-element elementor-element-f4a9f7e elementor-widget elementor-widget-text-editor\" data-id=\"f4a9f7e\" data-element_type=\"widget\" data-e-type=\"widget\" data-widget_type=\"text-editor.default\">\n\t\t\t\t<div class=\"elementor-widget-container\">\n\t\t\t\t\t\t\t\t\t<p><i><span style=\"font-weight: 400;\">Rivi\u00e8res menac\u00e9es: Pontax, Broadback, Nottaway, Bell<\/span><\/i><\/p>\t\t\t\t\t\t\t\t<\/div>\n\t\t\t\t<\/div>\n\t\t\t\t<div class=\"elementor-element elementor-element-1ba424c elementor-align-center elementor-widget elementor-widget-button\" data-id=\"1ba424c\" data-element_type=\"widget\" data-e-type=\"widget\" data-widget_type=\"button.default\">\n\t\t\t\t<div class=\"elementor-widget-container\">\n\t\t\t\t\t\t\t\t\t<div class=\"elementor-button-wrapper\">\n\t\t\t\t\t<a class=\"elementor-button elementor-button-link elementor-size-sm\" href=\"https:\/\/fondationrivieres.org\/en\/our-actions\/energie-barrages-hydroelectriques\/25-rivieres-sauvages\/\">\n\t\t\t\t\t\t<span class=\"elementor-button-content-wrapper\">\n\t\t\t\t\t\t<span class=\"elementor-button-icon\">\n\t\t\t\t<i aria-hidden=\"true\" class=\"fas fa-arrow-left\"><\/i>\t\t\t<\/span>\n\t\t\t\t\t\t\t\t\t<span class=\"elementor-button-text\">To return to the main page<\/span>\n\t\t\t\t\t<\/span>\n\t\t\t\t\t<\/a>\n\t\t\t\t<\/div>\n\t\t\t\t\t\t\t\t<\/div>\n\t\t\t\t<\/div>\n\t\t\t\t\t<\/div>\n\t\t\t\t<\/div>\n\t\t<div class=\"elementor-element elementor-element-c709fa6 e-flex e-con-boxed e-con e-parent\" data-id=\"c709fa6\" data-element_type=\"container\" data-e-type=\"container\" data-settings=\"{&quot;jet_parallax_layout_list&quot;:[]}\">\n\t\t\t\t\t<div class=\"e-con-inner\">\n\t\t<div class=\"elementor-element elementor-element-1ca8f02 e-con-full e-flex e-con e-child\" data-id=\"1ca8f02\" data-element_type=\"container\" data-e-type=\"container\" data-settings=\"{&quot;jet_parallax_layout_list&quot;:[]}\">\n\t\t\t\t<div class=\"elementor-element elementor-element-9c0b5c8 elementor-widget elementor-widget-heading\" data-id=\"9c0b5c8\" data-element_type=\"widget\" data-e-type=\"widget\" data-widget_type=\"heading.default\">\n\t\t\t\t<div class=\"elementor-widget-container\">\n\t\t\t\t\t<h3 class=\"elementor-heading-title elementor-size-default\">Rivi\u00e8res Nottaway et Broadback<\/h3>\t\t\t\t<\/div>\n\t\t\t\t<\/div>\n\t\t\t\t<div class=\"elementor-element elementor-element-0dec1b1 elementor-widget elementor-widget-text-editor\" data-id=\"0dec1b1\" data-element_type=\"widget\" data-e-type=\"widget\" data-widget_type=\"text-editor.default\">\n\t\t\t\t<div class=\"elementor-widget-container\">\n\t\t\t\t\t\t\t\t\t<p><span style=\"font-weight: 400;\">Les rivi\u00e8res Nottaway et Broadback se jettent dans la baie de Rupert, au sud de la Baie-James. Dans les ann\u00e9es 1960, la rivi\u00e8re a fait l&rsquo;objet d&rsquo;un projet d&rsquo;am\u00e9nagement hydro\u00e9lectrique. Le projet Nottaway-Broadback-Rupert (NBR) \u00e9tait une alternative aux projets sur La Grande Rivi\u00e8re et la rivi\u00e8re Eastmain. \u00c9pargn\u00e9e gr\u00e2ce \u00e0 une entente avec les Cris pour sa valeur, et \u00e0 la suite de la r\u00e9alisation du projet de d\u00e9rivation de la rivi\u00e8re Rupert entrepris dans les ann\u00e9es 2000, il s&rsquo;av\u00e8re peu probable que la rivi\u00e8re Broadback soit d\u00e9velopp\u00e9e dans un avenir pr\u00e9visible. Sa capacit\u00e9 est maintenant limit\u00e9e \u00e0 cause de la d\u00e9rivation de la Rupert, et leur d\u00e9veloppement serait trop cher \u00e0 cause de probl\u00e8mes importants d\u2019\u00e9rosion.<\/span><\/p>\t\t\t\t\t\t\t\t<\/div>\n\t\t\t\t<\/div>\n\t\t\t\t<\/div>\n\t\t<div class=\"elementor-element elementor-element-5f55199 e-con-full e-flex e-con e-child\" data-id=\"5f55199\" data-element_type=\"container\" data-e-type=\"container\" data-settings=\"{&quot;jet_parallax_layout_list&quot;:[]}\">\n\t\t\t\t<div class=\"elementor-element elementor-element-20b2dae elementor-widget elementor-widget-image\" data-id=\"20b2dae\" data-element_type=\"widget\" data-e-type=\"widget\" data-widget_type=\"image.default\">\n\t\t\t\t<div class=\"elementor-widget-container\">\n\t\t\t\t\t\t\t\t\t\t\t\t\t\t\t<img decoding=\"async\" width=\"800\" height=\"534\" src=\"https:\/\/fondationrivieres.org\/wp-content\/uploads\/2024\/04\/Baie-James2004-1024x683.jpg\" class=\"attachment-large size-large wp-image-66409\" alt=\"James Bay\" srcset=\"https:\/\/fondationrivieres.org\/wp-content\/uploads\/2024\/04\/Baie-James2004-1024x683.jpg 1024w, https:\/\/fondationrivieres.org\/wp-content\/uploads\/2024\/04\/Baie-James2004-300x200.jpg 300w, https:\/\/fondationrivieres.org\/wp-content\/uploads\/2024\/04\/Baie-James2004-768x512.jpg 768w, https:\/\/fondationrivieres.org\/wp-content\/uploads\/2024\/04\/Baie-James2004-1536x1024.jpg 1536w, https:\/\/fondationrivieres.org\/wp-content\/uploads\/2024\/04\/Baie-James2004-2048x1365.jpg 2048w, https:\/\/fondationrivieres.org\/wp-content\/uploads\/2024\/04\/Baie-James2004-18x12.jpg 18w\" sizes=\"(max-width: 800px) 100vw, 800px\" \/>\t\t\t\t\t\t\t\t\t\t\t\t\t\t\t<\/div>\n\t\t\t\t<\/div>\n\t\t\t\t<\/div>\n\t\t\t\t\t<\/div>\n\t\t\t\t<\/div>\n\t\t<div class=\"elementor-element elementor-element-e4f9e5f e-flex e-con-boxed e-con e-parent\" data-id=\"e4f9e5f\" data-element_type=\"container\" data-e-type=\"container\" data-settings=\"{&quot;jet_parallax_layout_list&quot;:[]}\">\n\t\t\t\t\t<div class=\"e-con-inner\">\n\t\t\t\t<div class=\"elementor-element elementor-element-55eadcb elementor-cta--skin-classic elementor-animated-content elementor-bg-transform elementor-bg-transform-zoom-in elementor-widget elementor-widget-call-to-action\" data-id=\"55eadcb\" data-element_type=\"widget\" data-e-type=\"widget\" data-widget_type=\"call-to-action.default\">\n\t\t\t\t<div class=\"elementor-widget-container\">\n\t\t\t\t\t\t\t<div class=\"elementor-cta\">\n\t\t\t\t\t\t\t<div class=\"elementor-cta__content\">\n\t\t\t\t\t\t\t\t\t<div class=\"elementor-content-item elementor-cta__content-item elementor-icon-wrapper elementor-cta__icon elementor-view-default\">\n\t\t\t\t\t\t<div class=\"elementor-icon\">\n\t\t\t\t\t\t\t<i aria-hidden=\"true\" class=\"fas fa-water\"><\/i>\t\t\t\t\t\t<\/div>\n\t\t\t\t\t<\/div>\n\t\t\t\t\n\t\t\t\t\t\t\t\t\t<h4 class=\"elementor-cta__title elementor-cta__content-item elementor-content-item\">\n\t\t\t\t\t\tTake action to protect our last great wild rivers\t\t\t\t\t<\/h4>\n\t\t\t\t\n\t\t\t\t\t\t\t\t\t<div class=\"elementor-cta__description elementor-cta__content-item elementor-content-item\">\n\t\t\t\t\t\tTell your elected representatives that you care about river protection\t\t\t\t\t<\/div>\n\t\t\t\t\n\t\t\t\t\t\t\t\t\t<div class=\"elementor-cta__button-wrapper elementor-cta__content-item elementor-content-item\">\n\t\t\t\t\t<a class=\"elementor-cta__button elementor-button elementor-size-\" href=\"https:\/\/fondationrivieres.org\/en\/quand-toutes-rivieres-seront-harnachees-restera-nous\/\">\n\t\t\t\t\t\tHelp us\t\t\t\t\t<\/a>\n\t\t\t\t\t<\/div>\n\t\t\t\t\t\t\t<\/div>\n\t\t\t\t\t\t<\/div>\n\t\t\t\t\t\t<\/div>\n\t\t\t\t<\/div>\n\t\t\t\t\t<\/div>\n\t\t\t\t<\/div>\n\t\t<div class=\"elementor-element elementor-element-c9a183c e-flex e-con-boxed e-con e-parent\" data-id=\"c9a183c\" data-element_type=\"container\" data-e-type=\"container\" data-settings=\"{&quot;jet_parallax_layout_list&quot;:[]}\">\n\t\t\t\t\t<div class=\"e-con-inner\">\n\t\t\t\t<div class=\"elementor-element elementor-element-617a653 elementor-widget elementor-widget-heading\" data-id=\"617a653\" data-element_type=\"widget\" data-e-type=\"widget\" data-widget_type=\"heading.default\">\n\t\t\t\t<div class=\"elementor-widget-container\">\n\t\t\t\t\t<h3 class=\"elementor-heading-title elementor-size-default\">Liste des rivi\u00e8res sauvages de la Baie-James \/ Abitibi <\/h3>\t\t\t\t<\/div>\n\t\t\t\t<\/div>\n\t\t\t\t<div class=\"elementor-element elementor-element-f4c80c9 elementor-widget elementor-widget-shortcode\" data-id=\"f4c80c9\" data-element_type=\"widget\" data-e-type=\"widget\" data-widget_type=\"shortcode.default\">\n\t\t\t\t<div class=\"elementor-widget-container\">\n\t\t\t\t\t\t\t<div class=\"elementor-shortcode\"><div id=\"footable_parent_66230\"\n         class=\"footable_parent ninja_table_wrapper loading_ninja_table wp_table_data_press_parent bootstrap3 colored_table\">\n                <table data-ninja_table_instance=\"ninja_table_instance_0\" data-footable_id=\"66230\" data-filter-delay=\"1000\" aria-label=\"Rivi\u00e8res non harnach\u00e9es en danger, Baie James\"            id=\"footable_66230\"\n           data-unique_identifier=\"ninja_table_unique_id_298507882_66230\"\n           class=\"foo-table ninja_footable foo_table_66230 ninja_table_unique_id_298507882_66230 table  nt_type_legacy_table table-bordered table-hover table-condensed vertical_centered ninja_custom_color inverted footable-paging-right ninja_table_pro\">\n                <colgroup>\n                            <col class=\"ninja_column_0\">\n                            <col class=\"ninja_column_1\">\n                            <col class=\"ninja_column_2\">\n                            <col class=\"ninja_column_3\">\n                            <col class=\"ninja_column_4\">\n                            <col class=\"ninja_column_5\">\n                    <\/colgroup>\n        <thead>\n<tr class=\"footable-header\">\n                                                                                                        <th scope=\"col\"  class=\"ninja_column_0 ninja_clmn_nm_nom_de_la_riviere\">Name of the river<\/th><th scope=\"col\"  class=\"ninja_column_1 ninja_clmn_nm_debit_module_m_3_s\">Modulus flow (m3\/s)<\/th><th scope=\"col\"  class=\"ninja_column_2 ninja_clmn_nm_longueur_km\">Length (km)<\/th><th scope=\"col\"  class=\"ninja_column_3 ninja_clmn_nm_denivellation_m\">Height difference (m)<\/th><th scope=\"col\"  class=\"ninja_column_4 ninja_clmn_nm_bassin_versant_km_2\">Catchment area (km2)<\/th><th scope=\"col\"  class=\"ninja_column_5 ninja_clmn_nm_mw_potentiels\">Potential MW* (in MW)<\/th><\/tr>\n<\/thead>\n<tbody>\n\n        <tr data-row_id=\"21472\" class=\"ninja_table_row_0 nt_row_id_21472\">\n            <td>Nottaway<\/td><td>1158<\/td><td>724<\/td><td>418<\/td><td>65786<\/td><td><\/td>        <\/tr>\n            <tr data-row_id=\"21481\" class=\"ninja_table_row_1 nt_row_id_21481\">\n            <td>Bell (Nottaway 0807)<\/td><td>450<\/td><td>241<\/td><td>64<\/td><td>22222<\/td><td><\/td>        <\/tr>\n            <tr data-row_id=\"21482\" class=\"ninja_table_row_2 nt_row_id_21482\">\n            <td>Broadback<\/td><td>381<\/td><td>451<\/td><td>396<\/td><td>20849<\/td><td><\/td>        <\/tr>\n            <tr data-row_id=\"21493\" class=\"ninja_table_row_3 nt_row_id_21493\">\n            <td>Pontax<\/td><td>160<\/td><td>193<\/td><td>244<\/td><td>8133<\/td><td><\/td>        <\/tr>\n    <\/tbody><!--ninja_tobody_rendering_done-->\n    <\/table>\n    \n    \n    \n<\/div>\n<\/div>\n\t\t\t\t\t\t<\/div>\n\t\t\t\t<\/div>\n\t\t\t\t\t<\/div>\n\t\t\t\t<\/div>\n\t\t\t\t<\/div>","protected":false},"excerpt":{"rendered":"<p>Quelques rivi\u00e8res sauvages de la Baie-James sont menac\u00e9es. On y a d\u00e9j\u00e0 inond\u00e9 de vastes territoires et la derni\u00e8re tentative d\u2019Hydro-Qu\u00e9bec d\u2019y \u00e9riger une centrale hydro\u00e9lectrique, le projet de Grande-Baleine, avait \u00e9t\u00e9 annul\u00e9e en 1994 devant l\u2019opposition des populations des villages Cris et Inuit. Fort de la paix des Braves, sign\u00e9e entre Qu\u00e9bec et le Grand Conseil des Cris en 2002, le Grand Conseil des Cris a lanc\u00e9 en 2020 un plan de d\u00e9veloppement \u00e9conomique d\u2019une valeur de 4,7 milliards de dollars sur 30 ans nomm\u00e9 La Grande Alliance. Il s\u2019agit d\u2019une entente de nation \u00e0 nation visant la planification et l\u2019ex\u00e9cution d\u2019un programme d\u2019infrastructures de 30 ans pour potentiellement prolonger le r\u00e9seau de transport (rail, route, port et a\u00e9roport), am\u00e9liorer le niveau de vie (logement, \u00e9lectricit\u00e9 et Internet) et assurer la protection \u00e0 long terme du territoire (aires prot\u00e9g\u00e9es). Le projet est l\u2019objet de d\u00e9bats au sein de la communaut\u00e9, alors que le Conseil des jeunes de Eeyou Istchee s\u2019inqui\u00e8te de ce que le projet n\u2019accorderait pas une protection assez grande du territoire.<\/p>","protected":false},"author":19,"featured_media":66250,"parent":0,"menu_order":0,"comment_status":"closed","ping_status":"closed","template":"","meta":{"footnotes":""},"class_list":["post-66288","page","type-page","status-publish","has-post-thumbnail","hentry"],"_links":{"self":[{"href":"https:\/\/fondationrivieres.org\/en\/wp-json\/wp\/v2\/pages\/66288","targetHints":{"allow":["GET"]}}],"collection":[{"href":"https:\/\/fondationrivieres.org\/en\/wp-json\/wp\/v2\/pages"}],"about":[{"href":"https:\/\/fondationrivieres.org\/en\/wp-json\/wp\/v2\/types\/page"}],"author":[{"embeddable":true,"href":"https:\/\/fondationrivieres.org\/en\/wp-json\/wp\/v2\/users\/19"}],"replies":[{"embeddable":true,"href":"https:\/\/fondationrivieres.org\/en\/wp-json\/wp\/v2\/comments?post=66288"}],"version-history":[{"count":97,"href":"https:\/\/fondationrivieres.org\/en\/wp-json\/wp\/v2\/pages\/66288\/revisions"}],"predecessor-version":[{"id":67239,"href":"https:\/\/fondationrivieres.org\/en\/wp-json\/wp\/v2\/pages\/66288\/revisions\/67239"}],"wp:featuredmedia":[{"embeddable":true,"href":"https:\/\/fondationrivieres.org\/en\/wp-json\/wp\/v2\/media\/66250"}],"wp:attachment":[{"href":"https:\/\/fondationrivieres.org\/en\/wp-json\/wp\/v2\/media?parent=66288"}],"curies":[{"name":"wp","href":"https:\/\/api.w.org\/{rel}","templated":true}]}}