{"id":45352,"date":"2022-09-23T13:56:19","date_gmt":"2022-09-23T17:56:19","guid":{"rendered":"https:\/\/sandbox.cdgdeveloppeur.com\/web\/fondationrivieres_dev\/?page_id=45352"},"modified":"2026-01-28T09:51:06","modified_gmt":"2026-01-28T14:51:06","slug":"boite-a-outils","status":"publish","type":"page","link":"https:\/\/fondationrivieres.org\/en\/notre-expertise\/boite-a-outils\/","title":{"rendered":"Toolbox"},"content":{"rendered":"<div data-elementor-type=\"wp-page\" data-elementor-id=\"45352\" class=\"elementor elementor-45352\" data-elementor-post-type=\"page\">\n\t\t\t\t<div class=\"elementor-element elementor-element-bf15a5b e-flex e-con-boxed e-con e-parent\" data-id=\"bf15a5b\" data-element_type=\"container\" data-e-type=\"container\" data-settings=\"{&quot;jet_parallax_layout_list&quot;:[],&quot;background_background&quot;:&quot;classic&quot;}\">\n\t\t\t\t\t<div class=\"e-con-inner\">\n\t\t<div class=\"elementor-element elementor-element-09b3fb1 e-con-full elementor-hidden-tablet elementor-hidden-mobile e-flex e-con e-child\" data-id=\"09b3fb1\" data-element_type=\"container\" data-e-type=\"container\" data-settings=\"{&quot;background_background&quot;:&quot;classic&quot;,&quot;jet_parallax_layout_list&quot;:[]}\">\n\t\t\t\t<div class=\"elementor-element elementor-element-7c382b5 elementor-widget elementor-widget-jet-breadcrumbs\" data-id=\"7c382b5\" data-element_type=\"widget\" data-e-type=\"widget\" data-widget_type=\"jet-breadcrumbs.default\">\n\t\t\t\t<div class=\"elementor-widget-container\">\n\t\t\t\t\t<div class=\"elementor-jet-breadcrumbs jet-blocks\">\n\t\t<div class=\"jet-breadcrumbs\">\n\t\t<div class=\"jet-breadcrumbs__content\">\n\t\t<div class=\"jet-breadcrumbs__wrap\"><div class=\"jet-breadcrumbs__item\"><a href=\"https:\/\/fondationrivieres.org\/en\/\" class=\"jet-breadcrumbs__item-link is-home\" rel=\"home\" title=\"Fondation Rivi\u00e8res\">Fondation Rivi\u00e8res<\/a><\/div>\n\t\t<\/div>\n\t\t<\/div>\n\t\t<\/div><\/div>\t\t\t\t<\/div>\n\t\t\t\t<\/div>\n\t\t\t\t<div class=\"elementor-element elementor-element-7a4676d elementor-widget elementor-widget-heading\" data-id=\"7a4676d\" data-element_type=\"widget\" data-e-type=\"widget\" data-widget_type=\"heading.default\">\n\t\t\t\t<div class=\"elementor-widget-container\">\n\t\t\t\t\t<h1 class=\"elementor-heading-title elementor-size-default\">Our toolbox<\/h1>\t\t\t\t<\/div>\n\t\t\t\t<\/div>\n\t\t\t\t<div class=\"elementor-element elementor-element-54e4db0 elementor-widget-divider--view-line elementor-widget elementor-widget-divider\" data-id=\"54e4db0\" data-element_type=\"widget\" data-e-type=\"widget\" data-widget_type=\"divider.default\">\n\t\t\t\t<div class=\"elementor-widget-container\">\n\t\t\t\t\t\t\t<div class=\"elementor-divider\">\n\t\t\t<span class=\"elementor-divider-separator\">\n\t\t\t\t\t\t<\/span>\n\t\t<\/div>\n\t\t\t\t\t\t<\/div>\n\t\t\t\t<\/div>\n\t\t\t\t<\/div>\n\t\t\t\t\t<\/div>\n\t\t\t\t<\/div>\n\t\t<div class=\"elementor-element elementor-element-ff06071 e-flex e-con-boxed e-con e-parent\" data-id=\"ff06071\" data-element_type=\"container\" data-e-type=\"container\" data-settings=\"{&quot;jet_parallax_layout_list&quot;:[]}\">\n\t\t\t\t\t<div class=\"e-con-inner\">\n\t\t\t\t<div class=\"elementor-element elementor-element-490903f elementor-widget elementor-widget-spacer\" data-id=\"490903f\" data-element_type=\"widget\" data-e-type=\"widget\" data-widget_type=\"spacer.default\">\n\t\t\t\t<div class=\"elementor-widget-container\">\n\t\t\t\t\t\t\t<div class=\"elementor-spacer\">\n\t\t\t<div class=\"elementor-spacer-inner\"><\/div>\n\t\t<\/div>\n\t\t\t\t\t\t<\/div>\n\t\t\t\t<\/div>\n\t\t\t\t<div class=\"elementor-element elementor-element-80fe28f elementor-widget elementor-widget-text-editor\" data-id=\"80fe28f\" data-element_type=\"widget\" data-e-type=\"widget\" data-widget_type=\"text-editor.default\">\n\t\t\t\t<div class=\"elementor-widget-container\">\n\t\t\t\t\t\t\t\t\t<p>Discover our tools used to obtain a portrait of the quality of Quebec, to inaugurate access to swimming in natural waterways or to facilitate wastewater management.<\/p>\t\t\t\t\t\t\t\t<\/div>\n\t\t\t\t<\/div>\n\t\t\t\t<div class=\"elementor-element elementor-element-c0893e6 elementor-widget elementor-widget-jet-images-layout\" data-id=\"c0893e6\" data-element_type=\"widget\" data-e-type=\"widget\" data-settings=\"{&quot;columns&quot;:&quot;2&quot;,&quot;columns_tablet&quot;:&quot;2&quot;,&quot;columns_mobile&quot;:&quot;1&quot;}\" data-widget_type=\"jet-images-layout.default\">\n\t\t\t\t<div class=\"elementor-widget-container\">\n\t\t\t\t\t<div class=\"elementor-jet-images-layout jet-elements\">\n<div class=\"jet-images-layout layout-type-grid\" data-settings='{&quot;layoutType&quot;:&quot;grid&quot;,&quot;justifyHeight&quot;:300}'>\n\t<div class=\"jet-images-layout__list col-row disable-cols-gap disable-rows-gap column-desktop-2 column-tablet-2 column-mobile-1\" >\n<div class=\"jet-images-layout__item col-desk-2 col-tab-2 col-mob-1\">\n\t<div class=\"jet-images-layout__inner\">\n\t\t<div class=\"jet-images-layout__image-loader\"><span><\/span><\/div>\n\t\t<a class=\"jet-images-layout__link\" href=\"https:\/\/fondationrivieres.org\/en\/notre-expertise\/boite-a-outils\/auditeau-eaux-usees\/\" target=\"_self\" rel=\"\">\n\t\t\t<div class=\"jet-images-layout__image\">\n\t\t\t\t<img decoding=\"async\" class=\"jet-images-layout__image-instance\" src=\"https:\/\/fondationrivieres.org\/wp-content\/uploads\/2022\/03\/Photo_rejet-_de_tuyau_bord_de_mer-1024x467.jpg\" alt=\"traitement des eaux us\u00e9es rejet tuyau go\u00e9land - auditeau\" loading=\"lazy\">\t\t\t<\/div>\n\t\t\t<div class=\"jet-images-layout__content\"><div class=\"jet-images-layout__icon\"><div class=\"jet-images-layout-icon-inner\"><i aria-hidden=\"true\" class=\"fas fa-plus\"><\/i><\/div><\/div><h2 class=\"jet-images-layout__title\">AuditEAU \u2013 wastewater management software<\/h2><div class=\"jet-images-layout__desc\">Our new and powerful software makes it possible to fully exploit the millions of historical data from the Monitoring of Municipal Wastewater Sanitation Works (SOMAEU) since 2017. <\/div><\/div>\n\t\t<\/a>\n\t<\/div>\n<\/div>\n<div class=\"jet-images-layout__item col-desk-2 col-tab-2 col-mob-1\">\n\t<div class=\"jet-images-layout__inner\">\n\t\t<div class=\"jet-images-layout__image-loader\"><span><\/span><\/div>\n\t\t<a class=\"jet-images-layout__link\" href=\"https:\/\/fondationrivieres.org\/en\/our-actions\/carte-palmares-deversements-quebec\/\" target=\"_self\" rel=\"\">\n\t\t\t<div class=\"jet-images-layout__image\">\n\t\t\t\t<img decoding=\"async\" class=\"jet-images-layout__image-instance\" src=\"https:\/\/fondationrivieres.org\/wp-content\/uploads\/2016\/11\/CRZ17CNWEAA18Xd-1-1024x512.jpeg\" alt=\"Traitement eaux us\u00e9es - D\u00e9versements d&#039;eaux us\u00e9es\" loading=\"lazy\">\t\t\t<\/div>\n\t\t\t<div class=\"jet-images-layout__content\"><div class=\"jet-images-layout__icon\"><div class=\"jet-images-layout-icon-inner\"><i aria-hidden=\"true\" class=\"fas fa-plus\"><\/i><\/div><\/div><h2 class=\"jet-images-layout__title\">Map and rankings of wastewater outfall in Quebec<\/h2><div class=\"jet-images-layout__desc\">Understand the extent of spills in Quebec using the list and map of wastewater spills to encourage elected officials to correct the problems.<\/div><\/div>\n\t\t<\/a>\n\t<\/div>\n<\/div>\n<div class=\"jet-images-layout__item col-desk-2 col-tab-2 col-mob-1\">\n\t<div class=\"jet-images-layout__inner\">\n\t\t<div class=\"jet-images-layout__image-loader\"><span><\/span><\/div>\n\t\t<a class=\"jet-images-layout__link\" href=\"https:\/\/fondationrivieres.org\/en\/notre-expertise\/boite-a-outils\/carte-potentiel-de-baignade-montreal\/\" target=\"_self\" rel=\"\">\n\t\t\t<div class=\"jet-images-layout__image\">\n\t\t\t\t<img decoding=\"async\" class=\"jet-images-layout__image-instance\" src=\"https:\/\/fondationrivieres.org\/wp-content\/uploads\/2022\/06\/Baignade_Cre\u0301dit_Dominique-Tossini-scaled-1-1024x682.jpg\" alt=\"Baignade \u00e0 Montr\u00e9al, Habitat 67 - Sophie Lachance - Se baigner \u00e0 Montr\u00e9al\" loading=\"lazy\">\t\t\t<\/div>\n\t\t\t<div class=\"jet-images-layout__content\"><div class=\"jet-images-layout__icon\"><div class=\"jet-images-layout-icon-inner\"><i aria-hidden=\"true\" class=\"fas fa-plus\"><\/i><\/div><\/div><h2 class=\"jet-images-layout__title\">Map of swimming potential in Montreal and Laval<\/h2><div class=\"jet-images-layout__desc\">Explore more than 50 places accessible from the shores of Montreal with good water quality for swimming in dry weather... and only one in Laval.<\/div><\/div>\n\t\t<\/a>\n\t<\/div>\n<\/div>\n<div class=\"jet-images-layout__item col-desk-2 col-tab-2 col-mob-1\">\n\t<div class=\"jet-images-layout__inner\">\n\t\t<div class=\"jet-images-layout__image-loader\"><span><\/span><\/div>\n\t\t<a class=\"jet-images-layout__link\" href=\"https:\/\/fondationrivieres.org\/en\/notre-expertise\/boite-a-outils\/guide-ouverture-plage\/\" target=\"_self\" rel=\"\">\n\t\t\t<div class=\"jet-images-layout__image\">\n\t\t\t\t<img decoding=\"async\" class=\"jet-images-layout__image-instance\" src=\"https:\/\/fondationrivieres.org\/wp-content\/uploads\/2022\/12\/Karl-Fredrickson_Unsplash_OS-1024x768.jpg\" alt=\"Fille dans l&#039;eau - guide d&#039;ouverture de plage - rivi\u00e8re - fondation rivi\u00e8res - Karl Fedrickson - Unsplash\" loading=\"lazy\">\t\t\t<\/div>\n\t\t\t<div class=\"jet-images-layout__content\"><div class=\"jet-images-layout__icon\"><div class=\"jet-images-layout-icon-inner\"><i aria-hidden=\"true\" class=\"fas fa-plus\"><\/i><\/div><\/div><h2 class=\"jet-images-layout__title\">Beach opening guide<\/h2><div class=\"jet-images-layout__desc\">Discover the three main essential steps when opening a beach, pool or any other swimming site.<\/div><\/div>\n\t\t<\/a>\n\t<\/div>\n<\/div>\n<div class=\"jet-images-layout__item col-desk-2 col-tab-2 col-mob-1\">\n\t<div class=\"jet-images-layout__inner\">\n\t\t<div class=\"jet-images-layout__image-loader\"><span><\/span><\/div>\n\t\t<a class=\"jet-images-layout__link\" href=\"https:\/\/fondationrivieres.org\/en\/notre-expertise\/boite-a-outils\/guide-ouverture-plage\/\" target=\"_self\" rel=\"\">\n\t\t\t<div class=\"jet-images-layout__image\">\n\t\t\t\t<img decoding=\"async\" class=\"jet-images-layout__image-instance\" src=\"https:\/\/fondationrivieres.org\/wp-content\/uploads\/2024\/05\/AGA-2023-Couverture-Evenement-Facebook-17-1024x577.png\" alt=\"Guide r\u00e9glementaire am\u00e9nagement des berges_Claude Laprise_Unsplash\" loading=\"lazy\">\t\t\t<\/div>\n\t\t\t<div class=\"jet-images-layout__content\"><div class=\"jet-images-layout__icon\"><div class=\"jet-images-layout-icon-inner\"><i aria-hidden=\"true\" class=\"fas fa-plus\"><\/i><\/div><\/div><h2 class=\"jet-images-layout__title\">Guide r\u00e9glementaire d'am\u00e9nagement des berges<\/h2><div class=\"jet-images-layout__desc\">Vous avez un terrain et vous \u00eates pr\u00eats pour le transformer en plage, acc\u00e8s pour les canots, kayaks, planches \u00e0 pagaie, bateaux et autres, mais vous ne savez pas par quel bout commencer pour aller chercher les autorisations n\u00e9cessaires ? Nous vous avons pr\u00e9par\u00e9 ce guide afin de vous aider \u00e0 mieux comprendre les r\u00e9glementations qui pourraient s\u2019appliquer \u00e0 votre projet. <\/div><\/div>\n\t\t<\/a>\n\t<\/div>\n<\/div>\n<div class=\"jet-images-layout__item col-desk-2 col-tab-2 col-mob-1\">\n\t<div class=\"jet-images-layout__inner\">\n\t\t<div class=\"jet-images-layout__image-loader\"><span><\/span><\/div>\n\t\t<a class=\"jet-images-layout__link\" href=\"https:\/\/fondationrivieres.org\/en\/notre-expertise\/boite-a-outils\/guide-ouverture-plage\/\" target=\"_self\" rel=\"\">\n\t\t\t<div class=\"jet-images-layout__image\">\n\t\t\t\t<img decoding=\"async\" class=\"jet-images-layout__image-instance\" src=\"https:\/\/fondationrivieres.org\/wp-content\/uploads\/2024\/05\/Inondable-1024x680.jpg\" alt=\"Acc\u00e8s publics \u00e0 l&#039;eau\" loading=\"lazy\">\t\t\t<\/div>\n\t\t\t<div class=\"jet-images-layout__content\"><div class=\"jet-images-layout__icon\"><div class=\"jet-images-layout-icon-inner\"><i aria-hidden=\"true\" class=\"fas fa-plus\"><\/i><\/div><\/div><h2 class=\"jet-images-layout__title\">Levers for acquiring new public access to water<\/h2><div class=\"jet-images-layout__desc\">Nous vous avons pr\u00e9par\u00e9 un petit tour d'horizon r\u00e9glementaire pour vous pr\u00e9senter les leviers permettant aux gestionnaires d'ouvrir de nouveaux acc\u00e8s aux berges. <\/div><\/div>\n\t\t<\/a>\n\t<\/div>\n<\/div>\n<div class=\"jet-images-layout__item col-desk-2 col-tab-2 col-mob-1\">\n\t<div class=\"jet-images-layout__inner\">\n\t\t<div class=\"jet-images-layout__image-loader\"><span><\/span><\/div>\n\t\t<a class=\"jet-images-layout__link\" href=\"https:\/\/fondationrivieres.org\/en\/milieux-humides-hydriques\/\" target=\"_self\" rel=\"\">\n\t\t\t<div class=\"jet-images-layout__image\">\n\t\t\t\t<img decoding=\"async\" class=\"jet-images-layout__image-instance\" src=\"https:\/\/fondationrivieres.org\/wp-content\/uploads\/2022\/05\/FondationRivieres_LacArchambault-1024x560.png\" alt=\"Lac Archambault - Milieux humides\" loading=\"lazy\">\t\t\t<\/div>\n\t\t\t<div class=\"jet-images-layout__content\"><div class=\"jet-images-layout__icon\"><div class=\"jet-images-layout-icon-inner\"><i aria-hidden=\"true\" class=\"fas fa-plus\"><\/i><\/div><\/div><h2 class=\"jet-images-layout__title\">MELCCFP Data on Destroyed Wetlands and Aquatic Environments and Compensation Measures<\/h2><div class=\"jet-images-layout__desc\">Les m\u00e9canismes mis en place par le minist\u00e8re de l\u2019Environnement ne prot\u00e8gent pas les milieux humides et hydriques du Qu\u00e9bec de la destruction. Le nombre de milieux humides d\u00e9truits a augment\u00e9 de fa\u00e7on alarmante depuis 2020, passant d\u2019environ 75 ha\/ann\u00e9e \u00e0 pr\u00e8s de 200 ha\/ann\u00e9e. C\u2019est ce que r\u00e9v\u00e8le notre analyse.<\/div><\/div>\n\t\t<\/a>\n\t<\/div>\n<\/div>\n<\/div><\/div>\n<\/div>\t\t\t\t<\/div>\n\t\t\t\t<\/div>\n\t\t\t\t<div class=\"elementor-element elementor-element-bb09fce elementor-widget elementor-widget-spacer\" data-id=\"bb09fce\" data-element_type=\"widget\" data-e-type=\"widget\" data-widget_type=\"spacer.default\">\n\t\t\t\t<div class=\"elementor-widget-container\">\n\t\t\t\t\t\t\t<div class=\"elementor-spacer\">\n\t\t\t<div class=\"elementor-spacer-inner\"><\/div>\n\t\t<\/div>\n\t\t\t\t\t\t<\/div>\n\t\t\t\t<\/div>\n\t\t\t\t\t<\/div>\n\t\t\t\t<\/div>\n\t\t<div class=\"elementor-element elementor-element-9eea2d3 e-flex e-con-boxed e-con e-parent\" data-id=\"9eea2d3\" data-element_type=\"container\" data-e-type=\"container\" data-settings=\"{&quot;background_background&quot;:&quot;classic&quot;,&quot;jet_parallax_layout_list&quot;:[]}\">\n\t\t\t\t\t<div class=\"e-con-inner\">\n\t\t<div class=\"elementor-element elementor-element-fb72b18 e-con-full e-flex e-con e-child\" data-id=\"fb72b18\" data-element_type=\"container\" data-e-type=\"container\" data-settings=\"{&quot;jet_parallax_layout_list&quot;:[]}\">\n\t\t\t\t<div class=\"elementor-element elementor-element-0a888c7 elementor-widget elementor-widget-spacer\" data-id=\"0a888c7\" data-element_type=\"widget\" data-e-type=\"widget\" data-widget_type=\"spacer.default\">\n\t\t\t\t<div class=\"elementor-widget-container\">\n\t\t\t\t\t\t\t<div class=\"elementor-spacer\">\n\t\t\t<div class=\"elementor-spacer-inner\"><\/div>\n\t\t<\/div>\n\t\t\t\t\t\t<\/div>\n\t\t\t\t<\/div>\n\t\t\t\t<div class=\"elementor-element elementor-element-0480ae6 elementor-widget elementor-widget-heading\" data-id=\"0480ae6\" data-element_type=\"widget\" data-e-type=\"widget\" data-widget_type=\"heading.default\">\n\t\t\t\t<div class=\"elementor-widget-container\">\n\t\t\t\t\t<h3 class=\"elementor-heading-title elementor-size-default\">Our consulting services<\/h3>\t\t\t\t<\/div>\n\t\t\t\t<\/div>\n\t\t\t\t<div class=\"elementor-element elementor-element-bf9c7cf elementor-widget elementor-widget-text-editor\" data-id=\"bf9c7cf\" data-element_type=\"widget\" data-e-type=\"widget\" data-widget_type=\"text-editor.default\">\n\t\t\t\t<div class=\"elementor-widget-container\">\n\t\t\t\t\t\t\t\t\t<p>Our team of scientists evaluates and recommends improvements to wastewater systems, conducts pollution source tracking and water quality monitoring.\u00a0\u00a0<\/p>\t\t\t\t\t\t\t\t<\/div>\n\t\t\t\t<\/div>\n\t\t\t\t<div class=\"elementor-element elementor-element-33b383e elementor-align-center elementor-widget elementor-widget-button\" data-id=\"33b383e\" data-element_type=\"widget\" data-e-type=\"widget\" data-widget_type=\"button.default\">\n\t\t\t\t<div class=\"elementor-widget-container\">\n\t\t\t\t\t\t\t\t\t<div class=\"elementor-button-wrapper\">\n\t\t\t\t\t<a class=\"elementor-button elementor-button-link elementor-size-sm\" href=\"https:\/\/fondationrivieres.org\/en\/notre-expertise\/services-conseils\/\">\n\t\t\t\t\t\t<span class=\"elementor-button-content-wrapper\">\n\t\t\t\t\t\t<span class=\"elementor-button-icon\">\n\t\t\t\t<i aria-hidden=\"true\" class=\"fas fa-arrow-right\"><\/i>\t\t\t<\/span>\n\t\t\t\t\t\t\t\t\t<span class=\"elementor-button-text\">Read more<\/span>\n\t\t\t\t\t<\/span>\n\t\t\t\t\t<\/a>\n\t\t\t\t<\/div>\n\t\t\t\t\t\t\t\t<\/div>\n\t\t\t\t<\/div>\n\t\t\t\t<div class=\"elementor-element elementor-element-f2378d9 elementor-widget elementor-widget-spacer\" data-id=\"f2378d9\" data-element_type=\"widget\" data-e-type=\"widget\" data-widget_type=\"spacer.default\">\n\t\t\t\t<div class=\"elementor-widget-container\">\n\t\t\t\t\t\t\t<div class=\"elementor-spacer\">\n\t\t\t<div class=\"elementor-spacer-inner\"><\/div>\n\t\t<\/div>\n\t\t\t\t\t\t<\/div>\n\t\t\t\t<\/div>\n\t\t\t\t<\/div>\n\t\t\t\t\t<\/div>\n\t\t\t\t<\/div>\n\t\t<div class=\"elementor-element elementor-element-da5c580 e-flex e-con-boxed e-con e-parent\" data-id=\"da5c580\" data-element_type=\"container\" data-e-type=\"container\" data-settings=\"{&quot;jet_parallax_layout_list&quot;:[],&quot;background_background&quot;:&quot;classic&quot;}\">\n\t\t\t\t\t<div class=\"e-con-inner\">\n\t\t<div class=\"elementor-element elementor-element-0f6cf63 e-con-full e-flex e-con e-child\" data-id=\"0f6cf63\" data-element_type=\"container\" data-e-type=\"container\" data-settings=\"{&quot;jet_parallax_layout_list&quot;:[]}\">\n\t\t\t\t<div class=\"elementor-element elementor-element-3ea0e19 elementor-view-default elementor-widget elementor-widget-icon\" data-id=\"3ea0e19\" data-element_type=\"widget\" data-e-type=\"widget\" data-widget_type=\"icon.default\">\n\t\t\t\t<div class=\"elementor-widget-container\">\n\t\t\t\t\t\t\t<div class=\"elementor-icon-wrapper\">\n\t\t\t<div class=\"elementor-icon\">\n\t\t\t<i aria-hidden=\"true\" class=\"far fa-question-circle\"><\/i>\t\t\t<\/div>\n\t\t<\/div>\n\t\t\t\t\t\t<\/div>\n\t\t\t\t<\/div>\n\t\t\t\t<div class=\"elementor-element elementor-element-937f04b elementor-widget elementor-widget-heading\" data-id=\"937f04b\" data-element_type=\"widget\" data-e-type=\"widget\" data-widget_type=\"heading.default\">\n\t\t\t\t<div class=\"elementor-widget-container\">\n\t\t\t\t\t<h4 class=\"elementor-heading-title elementor-size-default\">Do you have a question about our tools? <\/h4>\t\t\t\t<\/div>\n\t\t\t\t<\/div>\n\t\t\t\t<div class=\"elementor-element elementor-element-868fa5a elementor-align-center elementor-widget elementor-widget-button\" data-id=\"868fa5a\" data-element_type=\"widget\" data-e-type=\"widget\" data-widget_type=\"button.default\">\n\t\t\t\t<div class=\"elementor-widget-container\">\n\t\t\t\t\t\t\t\t\t<div class=\"elementor-button-wrapper\">\n\t\t\t\t\t<a class=\"elementor-button elementor-button-link elementor-size-sm\" href=\"https:\/\/fondationrivieres.org\/en\/la-fondation\/contactez-nous\/\">\n\t\t\t\t\t\t<span class=\"elementor-button-content-wrapper\">\n\t\t\t\t\t\t<span class=\"elementor-button-icon\">\n\t\t\t\t<i aria-hidden=\"true\" class=\"fas fa-arrow-right\"><\/i>\t\t\t<\/span>\n\t\t\t\t\t\t\t\t\t<span class=\"elementor-button-text\">Contact us<\/span>\n\t\t\t\t\t<\/span>\n\t\t\t\t\t<\/a>\n\t\t\t\t<\/div>\n\t\t\t\t\t\t\t\t<\/div>\n\t\t\t\t<\/div>\n\t\t\t\t<\/div>\n\t\t<div class=\"elementor-element elementor-element-31d7262 e-con-full e-flex e-con e-child\" data-id=\"31d7262\" data-element_type=\"container\" data-e-type=\"container\" data-settings=\"{&quot;jet_parallax_layout_list&quot;:[]}\">\n\t\t\t\t<div class=\"elementor-element elementor-element-9289047 elementor-cta--layout-image-left elementor-widget__width-initial elementor-cta--skin-classic elementor-animated-content elementor-bg-transform elementor-bg-transform-zoom-in elementor-widget elementor-widget-call-to-action\" data-id=\"9289047\" data-element_type=\"widget\" data-e-type=\"widget\" data-widget_type=\"call-to-action.default\">\n\t\t\t\t<div class=\"elementor-widget-container\">\n\t\t\t\t\t\t\t<a class=\"elementor-cta\" href=\"https:\/\/give-can.keela.co\/don-fondation-rivieres-cta\" target=\"_blank\" rel=\"noopener\">\n\t\t\t\t\t\t\t<div class=\"elementor-cta__content\">\n\t\t\t\t\t\t\t\t\t<div class=\"elementor-content-item elementor-cta__content-item elementor-icon-wrapper elementor-cta__icon elementor-view-default\">\n\t\t\t\t\t\t<div class=\"elementor-icon\">\n\t\t\t\t\t\t\t<i aria-hidden=\"true\" class=\"fas fa-hand-holding-heart\"><\/i>\t\t\t\t\t\t<\/div>\n\t\t\t\t\t<\/div>\n\t\t\t\t\n\t\t\t\t\t\t\t\t\t<h5 class=\"elementor-cta__title elementor-cta__content-item elementor-content-item\">\n\t\t\t\t\t\tDo you like our toolbox? \t\t\t\t\t<\/h5>\n\t\t\t\t\n\t\t\t\t\t\t\t\t\t<div class=\"elementor-cta__description elementor-cta__content-item elementor-content-item\">\n\t\t\t\t\t\tContribute to improving the resources we make available to you while participating in the protection of Quebec&#039;s rivers.\t\t\t\t\t<\/div>\n\t\t\t\t\n\t\t\t\t\t\t\t\t\t<div class=\"elementor-cta__button-wrapper elementor-cta__content-item elementor-content-item\">\n\t\t\t\t\t<span class=\"elementor-cta__button elementor-button elementor-size-\">\n\t\t\t\t\t\tDonate\t\t\t\t\t<\/span>\n\t\t\t\t\t<\/div>\n\t\t\t\t\t\t\t<\/div>\n\t\t\t\t\t\t<\/a>\n\t\t\t\t\t\t<\/div>\n\t\t\t\t<\/div>\n\t\t\t\t<\/div>\n\t\t\t\t\t<\/div>\n\t\t\t\t<\/div>\n\t\t\t\t<\/div>","protected":false},"excerpt":{"rendered":"<p>Fondation Rivi\u00e8res Notre bo\u00eete \u00e0 outils D\u00e9couvrez les outils que nous avons d\u00e9velopp\u00e9s servant \u00e0 obtenir un portrait de la qualit\u00e9 de l&rsquo;eau au Qu\u00e9bec, \u00e0 inaugurer des acc\u00e8s \u00e0 la baignade dans des cours d\u2019eau naturels ou \u00e0 faciliter la gestion des eaux us\u00e9es. AuditEAU \u2013 logiciel d&rsquo;aide \u00e0 la gestion des eaux us\u00e9es [&hellip;]<\/p>\n","protected":false},"author":2,"featured_media":45603,"parent":344,"menu_order":0,"comment_status":"closed","ping_status":"closed","template":"","meta":{"footnotes":""},"class_list":["post-45352","page","type-page","status-publish","has-post-thumbnail","hentry"],"_links":{"self":[{"href":"https:\/\/fondationrivieres.org\/en\/wp-json\/wp\/v2\/pages\/45352","targetHints":{"allow":["GET"]}}],"collection":[{"href":"https:\/\/fondationrivieres.org\/en\/wp-json\/wp\/v2\/pages"}],"about":[{"href":"https:\/\/fondationrivieres.org\/en\/wp-json\/wp\/v2\/types\/page"}],"author":[{"embeddable":true,"href":"https:\/\/fondationrivieres.org\/en\/wp-json\/wp\/v2\/users\/2"}],"replies":[{"embeddable":true,"href":"https:\/\/fondationrivieres.org\/en\/wp-json\/wp\/v2\/comments?post=45352"}],"version-history":[{"count":18,"href":"https:\/\/fondationrivieres.org\/en\/wp-json\/wp\/v2\/pages\/45352\/revisions"}],"predecessor-version":[{"id":75598,"href":"https:\/\/fondationrivieres.org\/en\/wp-json\/wp\/v2\/pages\/45352\/revisions\/75598"}],"up":[{"embeddable":true,"href":"https:\/\/fondationrivieres.org\/en\/wp-json\/wp\/v2\/pages\/344"}],"wp:featuredmedia":[{"embeddable":true,"href":"https:\/\/fondationrivieres.org\/en\/wp-json\/wp\/v2\/media\/45603"}],"wp:attachment":[{"href":"https:\/\/fondationrivieres.org\/en\/wp-json\/wp\/v2\/media?parent=45352"}],"curies":[{"name":"wp","href":"https:\/\/api.w.org\/{rel}","templated":true}]}}